{"id":3357,"date":"2015-04-17T15:14:22","date_gmt":"2015-04-17T13:14:22","guid":{"rendered":"http:\/\/rodenghi.it\/?page_id=3357"},"modified":"2015-05-26T10:35:12","modified_gmt":"2015-05-26T08:35:12","slug":"impianti-elica","status":"publish","type":"page","link":"https:\/\/rodenghi.it\/?page_id=3357","title":{"rendered":"Impianti Elica"},"content":{"rendered":"<div class='flex_column av-av_one_full-2a9015ff38129c418a3f2eafba3e9512 av_one_full  avia-builder-el-0  el_before_av_hr  avia-builder-el-first  first flex_column_div '     ><section  class='av_textblock_section av-av_textblock-0366cc7376be6c9e82a3e9cc8987b64f'  itemscope=\"itemscope\" itemtype=\"https:\/\/schema.org\/CreativeWork\" ><div class='avia_textblock'  itemprop=\"text\" ><p style=\"text-align: center;\">Anno 1988, La Rodenghi F.lli S.r.l. rende noto l&#8217;inizio della produzione diretta di impianti completi ed eliche per l&#8217;electrocibles (Tiro all&#8217;elica); impiegati in tutto il mondo da oltre vent&#8217;anni e omologati F.I.T.A.S.C per le gare internazonali.<\/p>\n<p style=\"text-align: center;\">Le macchine, semplicissime e prive di difettosit\u00e0, sono dotate di motore a corrente continua e variatore di velocit\u00e0 da 0 (zero) a 10.000 giri.<\/p>\n<p style=\"text-align: center;\">I bersagli mobili (eliche) sono concepiti per avere un impatto ambientale zero in quanto costruiti con un particolare materiale fragilissimo e totalmente riciclabile (la rottura avviene anche con piombo &#8216;8).<\/p>\n<p style=\"text-align: center;\">Il testimone (parte bianca centrale), \u00e8 praticamente indistruttibile e indeformabile; tale caratteristica permette infatti di riutilizzare il testimone piu e piu volte, circa 2000 testimoni per 20000 eliche.<\/p>\n<p style=\"text-align: center;\">Altra caratteristica peculiare \u00e8 l&#8217;aerodinamicit\u00e0 dei bersagli mobili, i quali grazie alla forma elicoidale e alle variazioni di velocit\u00e0 spiccano un volo molto filante e con diverse fluttuazioni che simulano alla perfezione il volo naturale degli uccelli.<\/p>\n<\/div><\/section><\/div>\n\n<style type=\"text\/css\" data-created_by=\"avia_inline_auto\" id=\"style-css-av-av_hr-fed93f21064820b87c91726a71d164fb\">\n#top .hr.av-av_hr-fed93f21064820b87c91726a71d164fb{\nmargin-top:30px;\nmargin-bottom:30px;\n}\n.hr.av-av_hr-fed93f21064820b87c91726a71d164fb .hr-inner{\nwidth:50px;\nmax-width:45%;\n}\n<\/style>\n<div  class='hr av-av_hr-fed93f21064820b87c91726a71d164fb hr-custom  avia-builder-el-2  el_after_av_one_full  el_before_av_one_third  hr-center hr-icon-yes'><span class='hr-inner inner-border-av-border-thin'><span class=\"hr-inner-style\"><\/span><\/span><span class='av-seperator-icon' aria-hidden='true' data-av_icon='\ue808' data-av_iconfont='entypo-fontello'><\/span><span class='hr-inner inner-border-av-border-thin'><span class=\"hr-inner-style\"><\/span><\/span><\/div>\n<div class='flex_column av-av_one_third-2a9015ff38129c418a3f2eafba3e9512 av_one_third  avia-builder-el-3  el_after_av_hr  el_before_av_two_third  first flex_column_div '     ><section  class='av_textblock_section av-av_textblock-0366cc7376be6c9e82a3e9cc8987b64f'  itemscope=\"itemscope\" itemtype=\"https:\/\/schema.org\/CreativeWork\" ><div class='avia_textblock'  itemprop=\"text\" ><h3><strong>Impianti elica per tiro a volo<\/strong><\/h3>\n<\/div><\/section><br \/>\n<section  class='av_textblock_section av-av_textblock-0366cc7376be6c9e82a3e9cc8987b64f'  itemscope=\"itemscope\" itemtype=\"https:\/\/schema.org\/CreativeWork\" ><div class='avia_textblock'  itemprop=\"text\" ><p>Attualmente disponiamo di 140 impianti nel mondo.<\/p>\n<p>Effettuiamo consegne continue in Africa, Usa e in tutta Europa.<\/p>\n<\/div><\/section><\/p><\/div>\n<div class='flex_column av-av_two_third-f78fb3c186c5ceb3cf0bf54353219056 av_two_third  avia-builder-el-6  el_after_av_one_third  el_before_av_two_third  flex_column_div '     ><div  class='avia-video av-av_video-78de71d8902128382d57c80a9fd176e3 avia-video-16-9 av-no-preview-image avia-video-load-always av-lazyload-immediate av-lazyload-video-embed'  itemprop=\"video\" itemtype=\"https:\/\/schema.org\/VideoObject\"  data-original_url='https:\/\/vimeo.com\/127351498'><script type='text\/html' class='av-video-tmpl'><div class='avia-iframe-wrap'><iframe loading=\"lazy\" src=\"https:\/\/player.vimeo.com\/video\/127351498?autoplay=0&loop=0&controls=1&muted=0\" width=\"400\" height=\"300\" frameborder=\"0\" title=\"Granditalia Perazzi di tiro all&#039;elica 2011[1]\" webkitallowfullscreen mozallowfullscreen allowfullscreen><\/iframe><\/div><\/script><div class='av-click-to-play-overlay'><div class=\"avia_playpause_icon\"><\/div><\/div><\/div><\/div>\n<div class='flex_column av-av_two_third-2a9015ff38129c418a3f2eafba3e9512 av_two_third  avia-builder-el-8  el_after_av_two_third  el_before_av_one_third  first flex_column_div column-top-margin'     ><div  class='avia-video av-av_video-aa7d0b0fa07d7f1e9f9bb197ac2c711b avia-video-16-9 av-no-preview-image avia-video-load-always av-lazyload-immediate av-lazyload-video-embed'  itemprop=\"video\" itemtype=\"https:\/\/schema.org\/VideoObject\"  data-original_url='https:\/\/vimeo.com\/128534302 '><script type='text\/html' class='av-video-tmpl'><div class='avia-iframe-wrap'><iframe loading=\"lazy\" src=\"https:\/\/player.vimeo.com\/video\/128534302?autoplay=0&loop=0&controls=1&muted=0\" width=\"400\" height=\"300\" frameborder=\"0\" title=\"Rallenty Elica\" webkitallowfullscreen mozallowfullscreen allowfullscreen><\/iframe><\/div><\/script><div class='av-click-to-play-overlay'><div class=\"avia_playpause_icon\"><\/div><\/div><\/div><\/div>\n<div class='flex_column av-av_one_third-f78fb3c186c5ceb3cf0bf54353219056 av_one_third  avia-builder-el-10  el_after_av_two_third  el_before_av_hr  flex_column_div column-top-margin'     ><section  class='av_textblock_section av-av_textblock-0366cc7376be6c9e82a3e9cc8987b64f'  itemscope=\"itemscope\" itemtype=\"https:\/\/schema.org\/CreativeWork\" ><div class='avia_textblock'  itemprop=\"text\" ><h3><strong>Rallenty elica<\/strong><\/h3>\n<\/div><\/section><br \/>\n<section  class='av_textblock_section av-av_textblock-0366cc7376be6c9e82a3e9cc8987b64f'  itemscope=\"itemscope\" itemtype=\"https:\/\/schema.org\/CreativeWork\" ><div class='avia_textblock'  itemprop=\"text\" ><\/div><\/section><\/p><\/div>\n<style type=\"text\/css\" data-created_by=\"avia_inline_auto\" id=\"style-css-av-av_hr-fed93f21064820b87c91726a71d164fb\">\n#top .hr.av-av_hr-fed93f21064820b87c91726a71d164fb{\nmargin-top:30px;\nmargin-bottom:30px;\n}\n.hr.av-av_hr-fed93f21064820b87c91726a71d164fb .hr-inner{\nwidth:50px;\nmax-width:45%;\n}\n<\/style>\n<div  class='hr av-av_hr-fed93f21064820b87c91726a71d164fb hr-custom  avia-builder-el-13  el_after_av_one_third  el_before_av_one_full  hr-center hr-icon-yes'><span class='hr-inner inner-border-av-border-thin'><span class=\"hr-inner-style\"><\/span><\/span><span class='av-seperator-icon' aria-hidden='true' data-av_icon='\ue808' data-av_iconfont='entypo-fontello'><\/span><span class='hr-inner inner-border-av-border-thin'><span class=\"hr-inner-style\"><\/span><\/span><\/div><\/p>\n<div class='flex_column av-av_one_full-2a9015ff38129c418a3f2eafba3e9512 av_one_full  avia-builder-el-14  el_after_av_hr  el_before_av_one_half  first flex_column_div '     ><p><div id='av-masonry-1' class='av-masonry av-av_masonry_gallery-adf907b27accf117a28a537658517278 noHover av-fixed-size av-large-gap av-hover-overlay-active av-masonry-animation-active av-masonry-col-3 av-caption-always av-caption-style- av-masonry-gallery ' data-post_id=\"3357\"><div class=\"av-masonry-container isotope av-js-disabled\"><div class='av-masonry-entry isotope-item av-masonry-item-no-image '><\/div><a href=\"https:\/\/rodenghi.it\/wp-content\/uploads\/2013\/04\/IMG00439-20150409-1118-1030x773.jpg\" data-srcset=\"https:\/\/rodenghi.it\/wp-content\/uploads\/2013\/04\/IMG00439-20150409-1118-1030x773.jpg 1030w, https:\/\/rodenghi.it\/wp-content\/uploads\/2013\/04\/IMG00439-20150409-1118-300x225.jpg 300w, https:\/\/rodenghi.it\/wp-content\/uploads\/2013\/04\/IMG00439-20150409-1118-1500x1125.jpg 1500w, https:\/\/rodenghi.it\/wp-content\/uploads\/2013\/04\/IMG00439-20150409-1118-705x529.jpg 705w, https:\/\/rodenghi.it\/wp-content\/uploads\/2013\/04\/IMG00439-20150409-1118-450x338.jpg 450w, https:\/\/rodenghi.it\/wp-content\/uploads\/2013\/04\/IMG00439-20150409-1118.jpg 2048w\" data-sizes=\"(max-width: 1030px) 100vw, 1030px\"  aria-label=\"immagine IMG00439-20150409-1118\"  id='av-masonry-1-item-3386' data-av-masonry-item='3386' class='av-masonry-entry isotope-item post-3386 attachment type-attachment status-inherit hentry  av-masonry-item-with-image' title=\"IMG00439-20150409-1118\" alt=\"\"    itemprop=\"thumbnailUrl\" ><div class='av-inner-masonry-sizer'><\/div><figure class='av-inner-masonry main_color'><div class=\"av-masonry-outerimage-container\"><div class='av-masonry-image-container' style=\"background-image: url(https:\/\/rodenghi.it\/wp-content\/uploads\/2013\/04\/IMG00439-20150409-1118-705x529.jpg);\"  title=\"IMG00439-20150409-1118\"  ><\/div><\/div><\/figure><\/a><!--end av-masonry entry--><a href=\"https:\/\/rodenghi.it\/wp-content\/uploads\/2013\/04\/img10.jpg\" data-srcset=\"https:\/\/rodenghi.it\/wp-content\/uploads\/2013\/04\/img10.jpg 243w, https:\/\/rodenghi.it\/wp-content\/uploads\/2013\/04\/img10-226x300.jpg 226w\" data-sizes=\"(max-width: 243px) 100vw, 243px\"  aria-label=\"immagine img10\"  id='av-masonry-1-item-3387' data-av-masonry-item='3387' class='av-masonry-entry isotope-item post-3387 attachment type-attachment status-inherit hentry  av-masonry-item-with-image' title=\"img10\" alt=\"\"    itemprop=\"thumbnailUrl\" ><div class='av-inner-masonry-sizer'><\/div><figure class='av-inner-masonry main_color'><div class=\"av-masonry-outerimage-container\"><div class='av-masonry-image-container' style=\"background-image: url(https:\/\/rodenghi.it\/wp-content\/uploads\/2013\/04\/img10.jpg);\"  title=\"img10\"  ><\/div><\/div><\/figure><\/a><!--end av-masonry entry--><a href=\"https:\/\/rodenghi.it\/wp-content\/uploads\/2013\/04\/phoca_thumb_l_01831.jpg\" data-srcset=\"https:\/\/rodenghi.it\/wp-content\/uploads\/2013\/04\/phoca_thumb_l_01831.jpg 640w, https:\/\/rodenghi.it\/wp-content\/uploads\/2013\/04\/phoca_thumb_l_01831-300x225.jpg 300w, https:\/\/rodenghi.it\/wp-content\/uploads\/2013\/04\/phoca_thumb_l_01831-450x338.jpg 450w\" data-sizes=\"(max-width: 640px) 100vw, 640px\"  aria-label=\"immagine phoca_thumb_l_0183[1]\"  id='av-masonry-1-item-3388' data-av-masonry-item='3388' class='av-masonry-entry isotope-item post-3388 attachment type-attachment status-inherit hentry  av-masonry-item-with-image' title=\"phoca_thumb_l_0183[1]\" alt=\"\"    itemprop=\"thumbnailUrl\" ><div class='av-inner-masonry-sizer'><\/div><figure class='av-inner-masonry main_color'><div class=\"av-masonry-outerimage-container\"><div class='av-masonry-image-container' style=\"background-image: url(https:\/\/rodenghi.it\/wp-content\/uploads\/2013\/04\/phoca_thumb_l_01831.jpg);\"  title=\"phoca_thumb_l_0183[1]\"  ><\/div><\/div><\/figure><\/a><!--end av-masonry entry--><a href=\"https:\/\/rodenghi.it\/wp-content\/uploads\/2013\/04\/img9.jpg\" data-srcset=\"https:\/\/rodenghi.it\/wp-content\/uploads\/2013\/04\/img9.jpg 399w, https:\/\/rodenghi.it\/wp-content\/uploads\/2013\/04\/img9-300x146.jpg 300w\" data-sizes=\"(max-width: 399px) 100vw, 399px\"  aria-label=\"immagine img9\"  id='av-masonry-1-item-3383' data-av-masonry-item='3383' class='av-masonry-entry isotope-item post-3383 attachment type-attachment status-inherit hentry  av-masonry-item-with-image' title=\"img9\" alt=\"\"    itemprop=\"thumbnailUrl\" ><div class='av-inner-masonry-sizer'><\/div><figure class='av-inner-masonry main_color'><div class=\"av-masonry-outerimage-container\"><div class='av-masonry-image-container' style=\"background-image: url(https:\/\/rodenghi.it\/wp-content\/uploads\/2013\/04\/img9.jpg);\"  title=\"img9\"  ><\/div><\/div><\/figure><\/a><!--end av-masonry entry--><a href=\"https:\/\/rodenghi.it\/wp-content\/uploads\/2013\/04\/Thumbscrew1-e1430720628701.jpg\" data-srcset=\"https:\/\/rodenghi.it\/wp-content\/uploads\/2013\/04\/Thumbscrew1-e1430720628701.jpg 576w, https:\/\/rodenghi.it\/wp-content\/uploads\/2013\/04\/Thumbscrew1-e1430720628701-300x255.jpg 300w, https:\/\/rodenghi.it\/wp-content\/uploads\/2013\/04\/Thumbscrew1-e1430720628701-450x382.jpg 450w\" data-sizes=\"(max-width: 576px) 100vw, 576px\"  aria-label=\"immagine Thumbscrew\"  id='av-masonry-1-item-3382' data-av-masonry-item='3382' class='av-masonry-entry isotope-item post-3382 attachment type-attachment status-inherit hentry  av-masonry-item-with-image' title=\"Thumbscrew\" alt=\"\"    itemprop=\"thumbnailUrl\" ><div class='av-inner-masonry-sizer'><\/div><figure class='av-inner-masonry main_color'><div class=\"av-masonry-outerimage-container\"><div class='av-masonry-image-container' style=\"background-image: url(https:\/\/rodenghi.it\/wp-content\/uploads\/2013\/04\/Thumbscrew1-529x705.jpg);\"  title=\"Thumbscrew\"  ><\/div><\/div><\/figure><\/a><!--end av-masonry entry--><\/div><\/div><br \/>\n<section  class='av_textblock_section av-av_textblock-0366cc7376be6c9e82a3e9cc8987b64f'  itemscope=\"itemscope\" itemtype=\"https:\/\/schema.org\/CreativeWork\" ><div class='avia_textblock'  itemprop=\"text\" ><p lang=\"zxx\">Il testimone invece \u00e8 indistruttibile\u00a0 e indeformabile, basti pensare che 2.000 testimoni vengono impiegati su almeno 20.000 eliche in qualsiasi condizione atmosferica. Collaudatissime e utilizzate in tutto il mondo, anche le macchine lanciaeliche sono frutto di studi e ricerche continui che hanno portato la Rodenghi F.lli s.r.l. ad occupare un ruolo dominante nel mercato mondiale del settore.<\/p>\n<p lang=\"zxx\">Ogni macchina \u00e8 dotata di variatore di velocit\u00e0 e testina a raggi differenziati, che permettono di avere ad ogni utilizzo diverse velocit\u00e0 di uscita dell\u2019elica, diverse planate e diverse angolazioni, simulando cos\u00ec i movimenti reali di volatile.<\/p>\n<\/div><\/section><\/p><\/div>\n<div class='flex_column av-av_one_half-2a9015ff38129c418a3f2eafba3e9512 av_one_half  avia-builder-el-17  el_after_av_one_full  el_before_av_one_half  first flex_column_div column-top-margin'     ><section  class='avia-team-member av-av_team_member-7df8b6951f9dfa4c8e68d327064cf48c  avia-builder-el-18  avia-builder-el-no-sibling '  itemscope=\"itemscope\" itemtype=\"https:\/\/schema.org\/Person\" ><div class=\"team-img-container\"><img decoding=\"async\" class='wp-image-3430 avia-img-lazy-loading-not-3430 avia_image avia_image_team' src=\"https:\/\/rodenghi.it\/wp-content\/uploads\/2015\/04\/logo-arancio.png\" alt='Rodenghi Giuseppe'  itemprop=\"image\"   height=\"201\" width=\"209\" srcset=\"https:\/\/rodenghi.it\/wp-content\/uploads\/2015\/04\/logo-arancio.png 209w, https:\/\/rodenghi.it\/wp-content\/uploads\/2015\/04\/logo-arancio-36x36.png 36w\" sizes=\"(max-width: 209px) 100vw, 209px\" \/><\/div><h3 class='team-member-name '  itemprop=\"name\" >Rodenghi Giuseppe<\/h3><span class='hidden team-member-affiliation'  itemprop=\"affiliation\" >Rodenghi f.lli<\/span><\/section><\/div>\n<div class='flex_column av-av_one_half-f78fb3c186c5ceb3cf0bf54353219056 av_one_half  avia-builder-el-19  el_after_av_one_half  avia-builder-el-last  flex_column_div column-top-margin'     ><section  class='avia-team-member av-av_team_member-11b48ec3dc64d623f989c048a250b4bd  avia-builder-el-20  avia-builder-el-no-sibling '  itemscope=\"itemscope\" itemtype=\"https:\/\/schema.org\/Person\" ><div class=\"team-img-container\"><img decoding=\"async\" class='wp-image-3430 avia-img-lazy-loading-not-3430 avia_image avia_image_team' src=\"https:\/\/rodenghi.it\/wp-content\/uploads\/2015\/04\/logo-arancio.png\" alt='Rodenghi Giovanni'  itemprop=\"image\"   height=\"201\" width=\"209\" srcset=\"https:\/\/rodenghi.it\/wp-content\/uploads\/2015\/04\/logo-arancio.png 209w, https:\/\/rodenghi.it\/wp-content\/uploads\/2015\/04\/logo-arancio-36x36.png 36w\" sizes=\"(max-width: 209px) 100vw, 209px\" \/><\/div><h3 class='team-member-name '  itemprop=\"name\" >Rodenghi Giovanni<\/h3><span class='hidden team-member-affiliation'  itemprop=\"affiliation\" >Rodenghi f.lli<\/span><\/section><\/div>\n","protected":false},"excerpt":{"rendered":"","protected":false},"author":2,"featured_media":0,"parent":0,"menu_order":0,"comment_status":"open","ping_status":"open","template":"","meta":{"footnotes":""},"class_list":["post-3357","page","type-page","status-publish","hentry"],"jetpack_sharing_enabled":true,"jetpack_shortlink":"https:\/\/wp.me\/P8DLUO-S9","_links":{"self":[{"href":"https:\/\/rodenghi.it\/index.php?rest_route=\/wp\/v2\/pages\/3357","targetHints":{"allow":["GET"]}}],"collection":[{"href":"https:\/\/rodenghi.it\/index.php?rest_route=\/wp\/v2\/pages"}],"about":[{"href":"https:\/\/rodenghi.it\/index.php?rest_route=\/wp\/v2\/types\/page"}],"author":[{"embeddable":true,"href":"https:\/\/rodenghi.it\/index.php?rest_route=\/wp\/v2\/users\/2"}],"replies":[{"embeddable":true,"href":"https:\/\/rodenghi.it\/index.php?rest_route=%2Fwp%2Fv2%2Fcomments&post=3357"}],"version-history":[{"count":24,"href":"https:\/\/rodenghi.it\/index.php?rest_route=\/wp\/v2\/pages\/3357\/revisions"}],"predecessor-version":[{"id":3818,"href":"https:\/\/rodenghi.it\/index.php?rest_route=\/wp\/v2\/pages\/3357\/revisions\/3818"}],"wp:attachment":[{"href":"https:\/\/rodenghi.it\/index.php?rest_route=%2Fwp%2Fv2%2Fmedia&parent=3357"}],"curies":[{"name":"wp","href":"https:\/\/api.w.org\/{rel}","templated":true}]}}